{"id":200,"date":"2021-07-25T13:59:57","date_gmt":"2021-07-25T11:59:57","guid":{"rendered":"https:\/\/ecogreencleaning.be\/?page_id=200"},"modified":"2023-02-06T13:18:33","modified_gmt":"2023-02-06T12:18:33","slug":"onderhoud-residenties","status":"publish","type":"page","link":"https:\/\/ecogreencleaning.be\/fr\/onderhoud-residenties\/","title":{"rendered":"Entretien espaces communs"},"content":{"rendered":"<div data-elementor-type=\"wp-page\" data-elementor-id=\"200\" class=\"elementor elementor-200\">\n\t\t\t\t\t\t\t\t\t<section class=\"elementor-section elementor-top-section elementor-element elementor-element-5ae1940 elementor-section-height-min-height elementor-section-boxed elementor-section-height-default elementor-section-items-middle\" data-id=\"5ae1940\" data-element_type=\"section\" data-settings=\"{&quot;background_background&quot;:&quot;classic&quot;}\">\n\t\t\t\t\t\t<div class=\"elementor-container elementor-column-gap-default\">\n\t\t\t\t\t<div class=\"elementor-column elementor-col-100 elementor-top-column elementor-element elementor-element-1a157113\" data-id=\"1a157113\" data-element_type=\"column\" data-settings=\"{&quot;background_background&quot;:&quot;classic&quot;}\">\n\t\t\t<div class=\"elementor-widget-wrap elementor-element-populated\">\n\t\t\t\t\t\t\t\t<section class=\"elementor-section elementor-inner-section elementor-element elementor-element-2688fa90 elementor-reverse-tablet elementor-reverse-mobile elementor-section-boxed elementor-section-height-default elementor-section-height-default elementor-invisible\" data-id=\"2688fa90\" data-element_type=\"section\" data-settings=\"{&quot;background_background&quot;:&quot;classic&quot;,&quot;animation&quot;:&quot;fadeIn&quot;}\">\n\t\t\t\t\t\t<div class=\"elementor-container elementor-column-gap-default\">\n\t\t\t\t\t<div class=\"elementor-column elementor-col-50 elementor-inner-column elementor-element elementor-element-31da84c\" data-id=\"31da84c\" data-element_type=\"column\" data-settings=\"{&quot;background_background&quot;:&quot;classic&quot;}\">\n\t\t\t<div class=\"elementor-widget-wrap elementor-element-populated\">\n\t\t\t\t\t\t\t\t<div class=\"elementor-element elementor-element-2b977775 animated-fast elementor-invisible elementor-widget elementor-widget-heading\" data-id=\"2b977775\" data-element_type=\"widget\" data-settings=\"{&quot;_animation&quot;:&quot;fadeInUp&quot;}\" data-widget_type=\"heading.default\">\n\t\t\t\t<div class=\"elementor-widget-container\">\n\t\t\t<h2 class=\"elementor-heading-title elementor-size-default\">ENTRETIENS ESPACES COMMUNS<\/h2>\t\t<\/div>\n\t\t\t\t<\/div>\n\t\t\t\t<div class=\"elementor-element elementor-element-47cc68cd elementor-widget-divider--view-line elementor-widget elementor-widget-divider\" data-id=\"47cc68cd\" data-element_type=\"widget\" data-widget_type=\"divider.default\">\n\t\t\t\t<div class=\"elementor-widget-container\">\n\t\t\t\t\t<div class=\"elementor-divider\">\n\t\t\t<span class=\"elementor-divider-separator\">\n\t\t\t\t\t\t<\/span>\n\t\t<\/div>\n\t\t\t\t<\/div>\n\t\t\t\t<\/div>\n\t\t\t\t<div class=\"elementor-element elementor-element-4deb09f elementor-widget elementor-widget-text-editor\" data-id=\"4deb09f\" data-element_type=\"widget\" data-widget_type=\"text-editor.default\">\n\t\t\t\t<div class=\"elementor-widget-container\">\n\t\t\t\t\t\t\t<p>A la recherche d'une soci\u00e9t\u00e9 pour l'entretien des espaces communs? Nous sommes d\u00e9j\u00e0 partenaire avec plusieurs syndics qui peuvent compter sur nous pour l'entretien de leurs b\u00e2timents.<\/p>\n<p>Il est important que les habitants de la r\u00e9sidence se sentent bien. Nous assurons un entretien p\u00e9riodique des espaces communs. Nous nous occupons aussi d'autres t\u00e2ches comme la sortie des poubelles, l'entretien des ext\u00e9rieurs, nettoyage des parkings communs, etc.<\/p>\t\t\t\t\t\t<\/div>\n\t\t\t\t<\/div>\n\t\t\t\t\t<\/div>\n\t\t<\/div>\n\t\t\t\t<div class=\"elementor-column elementor-col-50 elementor-inner-column elementor-element elementor-element-7314b12d\" data-id=\"7314b12d\" data-element_type=\"column\">\n\t\t\t<div class=\"elementor-widget-wrap elementor-element-populated\">\n\t\t\t\t\t\t\t\t<div class=\"elementor-element elementor-element-61f69c40 elementor-absolute elementor-widget elementor-widget-image\" data-id=\"61f69c40\" data-element_type=\"widget\" data-settings=\"{&quot;_position&quot;:&quot;absolute&quot;}\" data-widget_type=\"image.default\">\n\t\t\t\t<div class=\"elementor-widget-container\">\n\t\t\t\t\t\t\t\t\t\t\t\t\t\t\t<img src=\"https:\/\/ecogreencleaning.be\/wp-content\/uploads\/elementor\/thumbs\/8803262_1-q18z67ppansb44llp5zthyonp58iwaqkzt1qn6ebhc.jpg\" title=\"Appartementen\" alt=\"Appartementen\" \/>\t\t\t\t\t\t\t\t\t\t\t\t\t\t\t<\/div>\n\t\t\t\t<\/div>\n\t\t\t\t\t<\/div>\n\t\t<\/div>\n\t\t\t\t\t\t\t<\/div>\n\t\t<\/section>\n\t\t\t\t\t<\/div>\n\t\t<\/div>\n\t\t\t\t\t\t\t<\/div>\n\t\t<\/section>\n\t\t\t\t\t\t\t<\/div>","protected":false},"excerpt":{"rendered":"<p>ONDERHOUD RESIDENTIES Opzoek naar een schoonmaakdienst voor het onderhoud van uw residentie ? We zijn al parteners met verschillende syndici die op ons kunnen rekenen voor het onderhoud van hun gebouwen. Het is belangrijk dat de inwoners zich goed voelen in hun residentie en dat deze goed wordt onderhouden. We zorgen ervoor dat de gemeenschappelijke&#8230;<\/p>","protected":false},"author":1,"featured_media":0,"parent":0,"menu_order":0,"comment_status":"closed","ping_status":"closed","template":"","meta":{"_kad_post_transparent":"","_kad_post_title":"hide","_kad_post_layout":"fullwidth","_kad_post_sidebar_id":"","_kad_post_content_style":"unboxed","_kad_post_vertical_padding":"hide","_kad_post_feature":"hide","_kad_post_feature_position":"","_kad_post_header":false,"_kad_post_footer":false},"_links":{"self":[{"href":"https:\/\/ecogreencleaning.be\/fr\/wp-json\/wp\/v2\/pages\/200"}],"collection":[{"href":"https:\/\/ecogreencleaning.be\/fr\/wp-json\/wp\/v2\/pages"}],"about":[{"href":"https:\/\/ecogreencleaning.be\/fr\/wp-json\/wp\/v2\/types\/page"}],"author":[{"embeddable":true,"href":"https:\/\/ecogreencleaning.be\/fr\/wp-json\/wp\/v2\/users\/1"}],"replies":[{"embeddable":true,"href":"https:\/\/ecogreencleaning.be\/fr\/wp-json\/wp\/v2\/comments?post=200"}],"version-history":[{"count":57,"href":"https:\/\/ecogreencleaning.be\/fr\/wp-json\/wp\/v2\/pages\/200\/revisions"}],"predecessor-version":[{"id":851,"href":"https:\/\/ecogreencleaning.be\/fr\/wp-json\/wp\/v2\/pages\/200\/revisions\/851"}],"wp:attachment":[{"href":"https:\/\/ecogreencleaning.be\/fr\/wp-json\/wp\/v2\/media?parent=200"}],"curies":[{"name":"wp","href":"https:\/\/api.w.org\/{rel}","templated":true}]}}