{"id":2,"date":"2021-04-06T17:43:41","date_gmt":"2021-04-06T15:43:41","guid":{"rendered":"http:\/\/ecogreencleaning.be\/?page_id=2"},"modified":"2023-04-01T03:06:15","modified_gmt":"2023-04-01T01:06:15","slug":"over-ons","status":"publish","type":"page","link":"https:\/\/ecogreencleaning.be\/fr\/over-ons\/","title":{"rendered":"La soci\u00e9t\u00e9"},"content":{"rendered":"<div data-elementor-type=\"wp-page\" data-elementor-id=\"2\" class=\"elementor elementor-2\">\n\t\t\t\t\t\t\t\t\t<section class=\"elementor-section elementor-top-section elementor-element elementor-element-4e829b4b elementor-section-boxed elementor-section-height-default elementor-section-height-default\" data-id=\"4e829b4b\" data-element_type=\"section\" data-settings=\"{&quot;background_background&quot;:&quot;classic&quot;}\">\n\t\t\t\t\t\t\t<div class=\"elementor-background-overlay\"><\/div>\n\t\t\t\t\t\t\t<div class=\"elementor-container elementor-column-gap-no\">\n\t\t\t\t\t<div class=\"elementor-column elementor-col-50 elementor-top-column elementor-element elementor-element-7a15c712\" data-id=\"7a15c712\" data-element_type=\"column\">\n\t\t\t<div class=\"elementor-widget-wrap elementor-element-populated\">\n\t\t\t\t\t\t\t\t<div class=\"elementor-element elementor-element-0ea6214 elementor-widget elementor-widget-image\" data-id=\"0ea6214\" data-element_type=\"widget\" data-widget_type=\"image.default\">\n\t\t\t\t<div class=\"elementor-widget-container\">\n\t\t\t\t\t\t\t\t\t\t\t\t\t\t\t<img width=\"1024\" height=\"275\" src=\"https:\/\/ecogreencleaning.be\/wp-content\/uploads\/2021\/10\/Logo-new-1024x275.jpg\" class=\"attachment-large size-large\" alt=\"\" loading=\"lazy\" srcset=\"https:\/\/ecogreencleaning.be\/wp-content\/uploads\/2021\/10\/Logo-new-1024x275.jpg 1024w, https:\/\/ecogreencleaning.be\/wp-content\/uploads\/2021\/10\/Logo-new-300x81.jpg 300w, https:\/\/ecogreencleaning.be\/wp-content\/uploads\/2021\/10\/Logo-new-768x206.jpg 768w, https:\/\/ecogreencleaning.be\/wp-content\/uploads\/2021\/10\/Logo-new-16x4.jpg 16w, https:\/\/ecogreencleaning.be\/wp-content\/uploads\/2021\/10\/Logo-new.jpg 1098w\" sizes=\"(max-width: 1024px) 100vw, 1024px\">\t\t\t\t\t\t\t\t\t\t\t\t\t\t\t<\/div>\n\t\t\t\t<\/div>\n\t\t\t\t<div class=\"elementor-element elementor-element-d6cdd20 elementor-widget elementor-widget-heading\" data-id=\"d6cdd20\" data-element_type=\"widget\" data-widget_type=\"heading.default\">\n\t\t\t\t<div class=\"elementor-widget-container\">\n\t\t\t<h1 class=\"elementor-heading-title elementor-size-default\">Eco Green Cleaning<\/h1>\t\t<\/div>\n\t\t\t\t<\/div>\n\t\t\t\t<div class=\"elementor-element elementor-element-51e6a6d8 elementor-widget elementor-widget-text-editor\" data-id=\"51e6a6d8\" data-element_type=\"widget\" data-widget_type=\"text-editor.default\">\n\t\t\t\t<div class=\"elementor-widget-container\">\n\t\t\t\t\t\t\t<p>Eco Green Cleaning est une jeune soci\u00e9t\u00e9 qui souhaite apporter un vent de fra\u00eecheur dans le secteur du nettoyage!\n\nNous travaillons avec des collaborateurs exp\u00e9riment\u00e9s, actifs dans le secteur depuis plus de 10 ans.<\/p>\t\t\t\t\t\t<\/div>\n\t\t\t\t<\/div>\n\t\t\t\t<div class=\"elementor-element elementor-element-6692113 elementor-widget elementor-widget-heading\" data-id=\"6692113\" data-element_type=\"widget\" data-widget_type=\"heading.default\">\n\t\t\t\t<div class=\"elementor-widget-container\">\n\t\t\t<h2 class=\"elementor-heading-title elementor-size-default\">Nos valeurs<\/h2>\t\t<\/div>\n\t\t\t\t<\/div>\n\t\t\t\t<div class=\"elementor-element elementor-element-153c207 elementor-widget elementor-widget-text-editor\" data-id=\"153c207\" data-element_type=\"widget\" data-widget_type=\"text-editor.default\">\n\t\t\t\t<div class=\"elementor-widget-container\">\n\t\t\t\t\t\t\t<p class=\"font_8\"><span class=\"color_33\">Nous sommes conscients que nos clients souhaitent se concentrer \u00e0 100% dans leurs activit\u00e9s sans devoir g\u00e9rer les probl\u00e8mes externes. Notre priorit\u00e9 est donc d\u2019identifier les besoins de notre client et d\u2019y r\u00e9pondre au maximum afin qu\u2019il ne doive plus s\u2019en pr\u00e9occuper.<\/span><\/p>\n<p class=\"font_8\"><span class=\"color_33\">Perfection, discr\u00e9tion et respect de l\u2019environnement sont nos valeurs principales.\n\nNous sommes aussi engag\u00e9s dans un \u00ab environnement durable \u00bb, c\u2019est pour cela que nous travaillons principalement avec des produits certifi\u00e9s \u00e9cologiques.<\/span><\/p>\t\t\t\t\t\t<\/div>\n\t\t\t\t<\/div>\n\t\t\t\t<div class=\"elementor-element elementor-element-59a9b75 elementor-widget elementor-widget-heading\" data-id=\"59a9b75\" data-element_type=\"widget\" data-widget_type=\"heading.default\">\n\t\t\t\t<div class=\"elementor-widget-container\">\n\t\t\t<h2 class=\"elementor-heading-title elementor-size-default\">Notre future<\/h2>\t\t<\/div>\n\t\t\t\t<\/div>\n\t\t\t\t<div class=\"elementor-element elementor-element-f4729fe elementor-widget elementor-widget-text-editor\" data-id=\"f4729fe\" data-element_type=\"widget\" data-widget_type=\"text-editor.default\">\n\t\t\t\t<div class=\"elementor-widget-container\">\n\t\t\t\t\t\t\t<p>Constamment dirig\u00e9s vers l\u2019avenir, nous esp\u00e9rons pouvoir \u00e9largir nos activit\u00e9s et devenir une v\u00e9ritable soci\u00e9t\u00e9 de facility pouvant r\u00e9pondre \u00e0 toute demande quel que soit le probl\u00e8me.<\/p><p>Tout cela sans n\u00e9gliger nos valeurs!<\/p>\t\t\t\t\t\t<\/div>\n\t\t\t\t<\/div>\n\t\t\t\t\t<\/div>\n\t\t<\/div>\n\t\t\t\t<div class=\"elementor-column elementor-col-50 elementor-top-column elementor-element elementor-element-c9f575a\" data-id=\"c9f575a\" data-element_type=\"column\" data-settings=\"{&quot;background_background&quot;:&quot;classic&quot;}\">\n\t\t\t<div class=\"elementor-widget-wrap elementor-element-populated\">\n\t\t\t\t\t<div class=\"elementor-background-overlay\"><\/div>\n\t\t\t\t\t\t\t\t<div class=\"elementor-element elementor-element-566bb54e elementor-invisible elementor-widget elementor-widget-spacer\" data-id=\"566bb54e\" data-element_type=\"widget\" data-settings=\"{&quot;_animation&quot;:&quot;fadeIn&quot;}\" data-widget_type=\"spacer.default\">\n\t\t\t\t<div class=\"elementor-widget-container\">\n\t\t\t\t\t<div class=\"elementor-spacer\">\n\t\t\t<div class=\"elementor-spacer-inner\"><\/div>\n\t\t<\/div>\n\t\t\t\t<\/div>\n\t\t\t\t<\/div>\n\t\t\t\t\t<\/div>\n\t\t<\/div>\n\t\t\t\t\t\t\t<\/div>\n\t\t<\/section>\n\t\t\t\t\t\t\t<\/div>","protected":false},"excerpt":{"rendered":"<p>Eco Green Cleaning Eco Green Cleaning is een jonge onderneming die een frisse kijk wilt brengen in de schoonmaaksector en die eveneens professionele medewerkers aanneemt met jaren ervaring. Onze waarden We zijn er ons dan ook zeer van bewust dat de klanten zich 100% willen focussen op hun bedrijfsactiviteit zonder te veel tijd te verspillen&#8230;<\/p>","protected":false},"author":1,"featured_media":0,"parent":0,"menu_order":0,"comment_status":"closed","ping_status":"closed","template":"","meta":{"_kad_post_transparent":"","_kad_post_title":"","_kad_post_layout":"","_kad_post_sidebar_id":"","_kad_post_content_style":"","_kad_post_vertical_padding":"","_kad_post_feature":"","_kad_post_feature_position":"","_kad_post_header":false,"_kad_post_footer":false},"_links":{"self":[{"href":"https:\/\/ecogreencleaning.be\/fr\/wp-json\/wp\/v2\/pages\/2"}],"collection":[{"href":"https:\/\/ecogreencleaning.be\/fr\/wp-json\/wp\/v2\/pages"}],"about":[{"href":"https:\/\/ecogreencleaning.be\/fr\/wp-json\/wp\/v2\/types\/page"}],"author":[{"embeddable":true,"href":"https:\/\/ecogreencleaning.be\/fr\/wp-json\/wp\/v2\/users\/1"}],"replies":[{"embeddable":true,"href":"https:\/\/ecogreencleaning.be\/fr\/wp-json\/wp\/v2\/comments?post=2"}],"version-history":[{"count":23,"href":"https:\/\/ecogreencleaning.be\/fr\/wp-json\/wp\/v2\/pages\/2\/revisions"}],"predecessor-version":[{"id":854,"href":"https:\/\/ecogreencleaning.be\/fr\/wp-json\/wp\/v2\/pages\/2\/revisions\/854"}],"wp:attachment":[{"href":"https:\/\/ecogreencleaning.be\/fr\/wp-json\/wp\/v2\/media?parent=2"}],"curies":[{"name":"wp","href":"https:\/\/api.w.org\/{rel}","templated":true}]}}