{"id":194,"date":"2021-07-25T13:59:10","date_gmt":"2021-07-25T11:59:10","guid":{"rendered":"https:\/\/ecogreencleaning.be\/?page_id=194"},"modified":"2021-09-05T22:35:28","modified_gmt":"2021-09-05T20:35:28","slug":"schoonmaak-van-commerciele-ruimtes","status":"publish","type":"page","link":"https:\/\/ecogreencleaning.be\/fr\/schoonmaak-van-commerciele-ruimtes\/","title":{"rendered":"Nettoyage espaces commerciaux"},"content":{"rendered":"<div data-elementor-type=\"wp-page\" data-elementor-id=\"194\" class=\"elementor elementor-194\">\n\t\t\t\t\t\t\t\t\t<section class=\"elementor-section elementor-top-section elementor-element elementor-element-428c5038 elementor-section-height-min-height elementor-section-boxed elementor-section-height-default elementor-section-items-middle\" data-id=\"428c5038\" data-element_type=\"section\" data-settings=\"{&quot;background_background&quot;:&quot;classic&quot;}\">\n\t\t\t\t\t\t<div class=\"elementor-container elementor-column-gap-default\">\n\t\t\t\t\t<div class=\"elementor-column elementor-col-100 elementor-top-column elementor-element elementor-element-697f718b\" data-id=\"697f718b\" data-element_type=\"column\" data-settings=\"{&quot;background_background&quot;:&quot;classic&quot;}\">\n\t\t\t<div class=\"elementor-widget-wrap elementor-element-populated\">\n\t\t\t\t\t\t\t\t<section class=\"elementor-section elementor-inner-section elementor-element elementor-element-2e2f079 elementor-reverse-tablet elementor-reverse-mobile elementor-section-boxed elementor-section-height-default elementor-section-height-default elementor-invisible\" data-id=\"2e2f079\" data-element_type=\"section\" data-settings=\"{&quot;background_background&quot;:&quot;classic&quot;,&quot;animation&quot;:&quot;fadeIn&quot;}\">\n\t\t\t\t\t\t<div class=\"elementor-container elementor-column-gap-default\">\n\t\t\t\t\t<div class=\"elementor-column elementor-col-50 elementor-inner-column elementor-element elementor-element-1c6ead2c\" data-id=\"1c6ead2c\" data-element_type=\"column\" data-settings=\"{&quot;background_background&quot;:&quot;classic&quot;}\">\n\t\t\t<div class=\"elementor-widget-wrap elementor-element-populated\">\n\t\t\t\t\t\t\t\t<div class=\"elementor-element elementor-element-6c1a240 animated-fast elementor-widget__width-inherit elementor-invisible elementor-widget elementor-widget-heading\" data-id=\"6c1a240\" data-element_type=\"widget\" data-settings=\"{&quot;_animation&quot;:&quot;fadeInUp&quot;}\" data-widget_type=\"heading.default\">\n\t\t\t\t<div class=\"elementor-widget-container\">\n\t\t\t<h2 class=\"elementor-heading-title elementor-size-small\">Nettoyage espaces commerciaux<\/h2>\t\t<\/div>\n\t\t\t\t<\/div>\n\t\t\t\t<div class=\"elementor-element elementor-element-4a4513c7 elementor-widget-divider--view-line elementor-widget elementor-widget-divider\" data-id=\"4a4513c7\" data-element_type=\"widget\" data-widget_type=\"divider.default\">\n\t\t\t\t<div class=\"elementor-widget-container\">\n\t\t\t\t\t<div class=\"elementor-divider\">\n\t\t\t<span class=\"elementor-divider-separator\">\n\t\t\t\t\t\t<\/span>\n\t\t<\/div>\n\t\t\t\t<\/div>\n\t\t\t\t<\/div>\n\t\t\t\t<div class=\"elementor-element elementor-element-19e8ff9f elementor-widget elementor-widget-text-editor\" data-id=\"19e8ff9f\" data-element_type=\"widget\" data-widget_type=\"text-editor.default\">\n\t\t\t\t<div class=\"elementor-widget-container\">\n\t\t\t\t\t\t\t<p>Garantir des environnements propres et soign\u00e9s dans vos locaux commerciaux est un travail qu\u2019Eco Green Cleaning accomplira avec brio!<\/p>\n<p>Notre exp\u00e9rience aupr\u00e8s des entreprises et du secteur commercial nous permet de vous offrir un service \u00e0 la mesure de vos attentes et un r\u00e9sultat de qualit\u00e9.<\/p>\n<p><\/p>\n<div id=\"SITE_PAGES\">\n<div id=\"wglym\" class=\"_3akMP\">\n<div class=\"_2egft\">\n<div id=\"Containerwglym\" class=\"_1Cfot\">\n<div class=\"\" data-mesh-id=\"ContainerwglyminlineContent\" data-testid=\"inline-content\">\n<div data-mesh-id=\"ContainerwglyminlineContent-gridContainer\" data-testid=\"mesh-container-content\">\n<section id=\"comp-jeyltevr\" class=\"JSM9k\">\n<div class=\"_2EoGw\" data-testid=\"columns\">\n<div id=\"comp-jeylteyy\" class=\"_31Ne5\">\n<div class=\"\" data-mesh-id=\"comp-jeylteyyinlineContent\" data-testid=\"inline-content\">\n<div data-mesh-id=\"comp-jeylteyyinlineContent-gridContainer\" data-testid=\"mesh-container-content\">\n<div id=\"comp-jeyltezu\" class=\"_2bafp\" data-testid=\"richTextElement\">\n<p class=\"font_8\">Nous nous ferons un plaisir d\u2019\u00e9laborer un plan de nettoyage et d\u2019entretien adapt\u00e9 \u00e0 vos attentes:<\/p>\n<ul>\n<li class=\"font_8\">Entretien des surfaces de travail<\/li>\n<li class=\"font_8\">Nettoyage des tapis (aspirateur)<\/li>\n<li class=\"font_8\">Entretien des planchers<\/li>\n<li class=\"font_8\">Entretien des aires communes (salle de r\u00e9union, cuisine,\u2026)<\/li>\n<li class=\"font_8\">Nettoyage des hauts vents commerciaux<\/li>\n<li class=\"font_8\">\u2026.<\/li>\n<\/ul>\n<\/div>\n<\/div>\n<\/div>\n<\/div>\n<\/div>\n<\/section>\n<\/div>\n<\/div>\n<\/div>\n<\/div>\n<\/div>\n<\/div>\n<footer id=\"SITE_FOOTER_WRAPPER\" tabindex=\"-1\"><\/footer>\t\t\t\t\t\t<\/div>\n\t\t\t\t<\/div>\n\t\t\t\t\t<\/div>\n\t\t<\/div>\n\t\t\t\t<div class=\"elementor-column elementor-col-50 elementor-inner-column elementor-element elementor-element-7a669c04\" data-id=\"7a669c04\" data-element_type=\"column\">\n\t\t\t<div class=\"elementor-widget-wrap elementor-element-populated\">\n\t\t\t\t\t\t\t\t<div class=\"elementor-element elementor-element-4bce8cba elementor-absolute elementor-widget elementor-widget-image\" data-id=\"4bce8cba\" data-element_type=\"widget\" data-settings=\"{&quot;_position&quot;:&quot;absolute&quot;}\" data-widget_type=\"image.default\">\n\t\t\t\t<div class=\"elementor-widget-container\">\n\t\t\t\t\t\t\t\t\t\t\t\t\t\t\t<img width=\"512\" height=\"340\" src=\"https:\/\/ecogreencleaning.be\/wp-content\/uploads\/2021\/07\/unnamed.jpg\" class=\"attachment-1536x1536 size-1536x1536\" alt=\"\" loading=\"lazy\" srcset=\"https:\/\/ecogreencleaning.be\/wp-content\/uploads\/2021\/07\/unnamed.jpg 512w, https:\/\/ecogreencleaning.be\/wp-content\/uploads\/2021\/07\/unnamed-300x199.jpg 300w\" sizes=\"(max-width: 512px) 100vw, 512px\">\t\t\t\t\t\t\t\t\t\t\t\t\t\t\t<\/div>\n\t\t\t\t<\/div>\n\t\t\t\t\t<\/div>\n\t\t<\/div>\n\t\t\t\t\t\t\t<\/div>\n\t\t<\/section>\n\t\t\t\t\t<\/div>\n\t\t<\/div>\n\t\t\t\t\t\t\t<\/div>\n\t\t<\/section>\n\t\t\t\t\t\t\t<\/div>","protected":false},"excerpt":{"rendered":"<p>Schoonmaak van commerci\u00eble ruimtes Garanderen van propere en verzorgde commerci\u00eble werkruimtes is een opdracht dat Eco Green Cleaning met succes zal voltooien. Onze ervaringen bij andere ondernemingen en in de commerci\u00eble sector zorgt ervoor dat we beter op u verwachtingen kunnen inspelen en uw bedrijf betere diensten kunnen aanbieden. Het is met veel plezier dat&#8230;<\/p>","protected":false},"author":1,"featured_media":0,"parent":0,"menu_order":0,"comment_status":"closed","ping_status":"closed","template":"","meta":{"_kad_post_transparent":"","_kad_post_title":"hide","_kad_post_layout":"fullwidth","_kad_post_sidebar_id":"","_kad_post_content_style":"unboxed","_kad_post_vertical_padding":"hide","_kad_post_feature":"hide","_kad_post_feature_position":"","_kad_post_header":false,"_kad_post_footer":false},"_links":{"self":[{"href":"https:\/\/ecogreencleaning.be\/fr\/wp-json\/wp\/v2\/pages\/194"}],"collection":[{"href":"https:\/\/ecogreencleaning.be\/fr\/wp-json\/wp\/v2\/pages"}],"about":[{"href":"https:\/\/ecogreencleaning.be\/fr\/wp-json\/wp\/v2\/types\/page"}],"author":[{"embeddable":true,"href":"https:\/\/ecogreencleaning.be\/fr\/wp-json\/wp\/v2\/users\/1"}],"replies":[{"embeddable":true,"href":"https:\/\/ecogreencleaning.be\/fr\/wp-json\/wp\/v2\/comments?post=194"}],"version-history":[{"count":39,"href":"https:\/\/ecogreencleaning.be\/fr\/wp-json\/wp\/v2\/pages\/194\/revisions"}],"predecessor-version":[{"id":731,"href":"https:\/\/ecogreencleaning.be\/fr\/wp-json\/wp\/v2\/pages\/194\/revisions\/731"}],"wp:attachment":[{"href":"https:\/\/ecogreencleaning.be\/fr\/wp-json\/wp\/v2\/media?parent=194"}],"curies":[{"name":"wp","href":"https:\/\/api.w.org\/{rel}","templated":true}]}}