{"id":192,"date":"2021-07-25T13:58:55","date_gmt":"2021-07-25T11:58:55","guid":{"rendered":"https:\/\/ecogreencleaning.be\/?page_id=192"},"modified":"2021-10-22T18:01:31","modified_gmt":"2021-10-22T16:01:31","slug":"reiniging-van-ruiten","status":"publish","type":"page","link":"https:\/\/ecogreencleaning.be\/fr\/reiniging-van-ruiten\/","title":{"rendered":"Nettoyage vitres et ch\u00e2ssis"},"content":{"rendered":"<div data-elementor-type=\"wp-page\" data-elementor-id=\"192\" class=\"elementor elementor-192\">\n\t\t\t\t\t\t\t\t\t<section class=\"elementor-section elementor-top-section elementor-element elementor-element-6d7ed005 elementor-section-height-min-height elementor-section-boxed elementor-section-height-default elementor-section-items-middle\" data-id=\"6d7ed005\" data-element_type=\"section\" data-settings=\"{&quot;background_background&quot;:&quot;classic&quot;}\">\n\t\t\t\t\t\t<div class=\"elementor-container elementor-column-gap-default\">\n\t\t\t\t\t<div class=\"elementor-column elementor-col-100 elementor-top-column elementor-element elementor-element-64fab310\" data-id=\"64fab310\" data-element_type=\"column\" data-settings=\"{&quot;background_background&quot;:&quot;classic&quot;}\">\n\t\t\t<div class=\"elementor-widget-wrap elementor-element-populated\">\n\t\t\t\t\t\t\t\t<section class=\"elementor-section elementor-inner-section elementor-element elementor-element-d026868 elementor-reverse-tablet elementor-reverse-mobile elementor-section-boxed elementor-section-height-default elementor-section-height-default elementor-invisible\" data-id=\"d026868\" data-element_type=\"section\" data-settings=\"{&quot;background_background&quot;:&quot;classic&quot;,&quot;animation&quot;:&quot;fadeIn&quot;}\">\n\t\t\t\t\t\t<div class=\"elementor-container elementor-column-gap-default\">\n\t\t\t\t\t<div class=\"elementor-column elementor-col-50 elementor-inner-column elementor-element elementor-element-36fca374\" data-id=\"36fca374\" data-element_type=\"column\" data-settings=\"{&quot;background_background&quot;:&quot;classic&quot;}\">\n\t\t\t<div class=\"elementor-widget-wrap elementor-element-populated\">\n\t\t\t\t\t\t\t\t<div class=\"elementor-element elementor-element-2fb6a5df animated-fast elementor-invisible elementor-widget elementor-widget-heading\" data-id=\"2fb6a5df\" data-element_type=\"widget\" data-settings=\"{&quot;_animation&quot;:&quot;fadeInUp&quot;}\" data-widget_type=\"heading.default\">\n\t\t\t\t<div class=\"elementor-widget-container\">\n\t\t\t<h2 class=\"elementor-heading-title elementor-size-small\">Nettoyage vitres et ch\u00e2ssis\n<\/h2>\t\t<\/div>\n\t\t\t\t<\/div>\n\t\t\t\t<div class=\"elementor-element elementor-element-62b930b0 elementor-widget-divider--view-line elementor-widget elementor-widget-divider\" data-id=\"62b930b0\" data-element_type=\"widget\" data-widget_type=\"divider.default\">\n\t\t\t\t<div class=\"elementor-widget-container\">\n\t\t\t\t\t<div class=\"elementor-divider\">\n\t\t\t<span class=\"elementor-divider-separator\">\n\t\t\t\t\t\t<\/span>\n\t\t<\/div>\n\t\t\t\t<\/div>\n\t\t\t\t<\/div>\n\t\t\t\t<div class=\"elementor-element elementor-element-42894ef2 elementor-widget elementor-widget-text-editor\" data-id=\"42894ef2\" data-element_type=\"widget\" data-widget_type=\"text-editor.default\">\n\t\t\t\t<div class=\"elementor-widget-container\">\n\t\t\t\t\t\t\t<p class=\"font_8\">Eco Green Cleaning est \u00e9galement sp\u00e9cialis\u00e9 dans le lavage de vitres, de ch\u00e2ssis et d\u2019enseignes lumineuses.<\/p><p class=\"font_8\">Les travaux en hauteurs peuvent \u00e9galement \u00eatre r\u00e9alis\u00e9. Pour les fa\u00e7ades et les b\u00e2timents avec une certaine hauteur nous nous munirons d\u2019\u00e9quipements sp\u00e9ciaux et ferrons les d\u00e9marches n\u00e9cessaires aupr\u00e8s de la commune\/administration.<\/p><ul><li class=\"font_8\">Entretien et nettoyage de vitres et ch\u00e2ssis (int\u00e9rieur et ext\u00e9rieur<\/li><li class=\"font_8\">Lavage de v\u00e9randas et baies vitr\u00e9es<\/li><li class=\"font_8\">Lavage d\u2019enseignes lumineuses<\/li><li class=\"font_8\">Nettoyage d\u2019ascenseurs panoramiques<\/li><li class=\"font_8\">\u2026.<\/li><\/ul>\t\t\t\t\t\t<\/div>\n\t\t\t\t<\/div>\n\t\t\t\t\t<\/div>\n\t\t<\/div>\n\t\t\t\t<div class=\"elementor-column elementor-col-50 elementor-inner-column elementor-element elementor-element-87e4dc5\" data-id=\"87e4dc5\" data-element_type=\"column\">\n\t\t\t<div class=\"elementor-widget-wrap elementor-element-populated\">\n\t\t\t\t\t\t\t\t<div class=\"elementor-element elementor-element-67ec156c elementor-absolute elementor-widget elementor-widget-image\" data-id=\"67ec156c\" data-element_type=\"widget\" data-settings=\"{&quot;_position&quot;:&quot;absolute&quot;}\" data-widget_type=\"image.default\">\n\t\t\t\t<div class=\"elementor-widget-container\">\n\t\t\t\t\t\t\t\t\t\t\t\t\t\t\t<img width=\"1400\" height=\"2097\" src=\"https:\/\/ecogreencleaning.be\/wp-content\/uploads\/2021\/07\/ryoji-iwata-Fusx3dlbqpw-unsplash-scaled-e1627216327631.jpg\" class=\"attachment-full size-full\" alt=\"\" loading=\"lazy\">\t\t\t\t\t\t\t\t\t\t\t\t\t\t\t<\/div>\n\t\t\t\t<\/div>\n\t\t\t\t\t<\/div>\n\t\t<\/div>\n\t\t\t\t\t\t\t<\/div>\n\t\t<\/section>\n\t\t\t\t\t<\/div>\n\t\t<\/div>\n\t\t\t\t\t\t\t<\/div>\n\t\t<\/section>\n\t\t\t\t\t\t\t<\/div>","protected":false},"excerpt":{"rendered":"<p>Reiniging van ruiten Eco Green Cleaning is ook gespecialiseerd in de schoonmaak van ruiten, frames en lichtborden. Ons professionele ploeg zal zorgen voor het onderhoud van uw ruiten om beter uw activiteiten te verlichten. Onderhoud en schoonmaak van ruiten en frames (binnen- en buitenkant) Onderhoud van veranda&#8217;s en raamdeuren Onderhoud van lichtborden Onderhoud van panoramische&#8230;<\/p>","protected":false},"author":1,"featured_media":0,"parent":0,"menu_order":0,"comment_status":"closed","ping_status":"closed","template":"","meta":{"_kad_post_transparent":"","_kad_post_title":"hide","_kad_post_layout":"fullwidth","_kad_post_sidebar_id":"","_kad_post_content_style":"unboxed","_kad_post_vertical_padding":"hide","_kad_post_feature":"hide","_kad_post_feature_position":"","_kad_post_header":false,"_kad_post_footer":false},"_links":{"self":[{"href":"https:\/\/ecogreencleaning.be\/fr\/wp-json\/wp\/v2\/pages\/192"}],"collection":[{"href":"https:\/\/ecogreencleaning.be\/fr\/wp-json\/wp\/v2\/pages"}],"about":[{"href":"https:\/\/ecogreencleaning.be\/fr\/wp-json\/wp\/v2\/types\/page"}],"author":[{"embeddable":true,"href":"https:\/\/ecogreencleaning.be\/fr\/wp-json\/wp\/v2\/users\/1"}],"replies":[{"embeddable":true,"href":"https:\/\/ecogreencleaning.be\/fr\/wp-json\/wp\/v2\/comments?post=192"}],"version-history":[{"count":42,"href":"https:\/\/ecogreencleaning.be\/fr\/wp-json\/wp\/v2\/pages\/192\/revisions"}],"predecessor-version":[{"id":745,"href":"https:\/\/ecogreencleaning.be\/fr\/wp-json\/wp\/v2\/pages\/192\/revisions\/745"}],"wp:attachment":[{"href":"https:\/\/ecogreencleaning.be\/fr\/wp-json\/wp\/v2\/media?parent=192"}],"curies":[{"name":"wp","href":"https:\/\/api.w.org\/{rel}","templated":true}]}}