{"id":188,"date":"2021-07-25T13:56:21","date_gmt":"2021-07-25T11:56:21","guid":{"rendered":"https:\/\/ecogreencleaning.be\/?page_id=188"},"modified":"2021-09-05T22:33:58","modified_gmt":"2021-09-05T20:33:58","slug":"klassieke-schoonmaak","status":"publish","type":"page","link":"https:\/\/ecogreencleaning.be\/fr\/klassieke-schoonmaak\/","title":{"rendered":"Nettoyage classique"},"content":{"rendered":"<div data-elementor-type=\"wp-page\" data-elementor-id=\"188\" class=\"elementor elementor-188\">\n\t\t\t\t\t\t\t\t\t<section class=\"elementor-section elementor-top-section elementor-element elementor-element-6aa2aa6f elementor-section-height-min-height elementor-section-boxed elementor-section-height-default elementor-section-items-middle\" data-id=\"6aa2aa6f\" data-element_type=\"section\" data-settings=\"{&quot;background_background&quot;:&quot;classic&quot;}\">\n\t\t\t\t\t\t<div class=\"elementor-container elementor-column-gap-default\">\n\t\t\t\t\t<div class=\"elementor-column elementor-col-100 elementor-top-column elementor-element elementor-element-2d53602e\" data-id=\"2d53602e\" data-element_type=\"column\" data-settings=\"{&quot;background_background&quot;:&quot;classic&quot;}\">\n\t\t\t<div class=\"elementor-widget-wrap elementor-element-populated\">\n\t\t\t\t\t\t\t\t<section class=\"elementor-section elementor-inner-section elementor-element elementor-element-7b392217 elementor-reverse-tablet elementor-reverse-mobile elementor-section-boxed elementor-section-height-default elementor-section-height-default elementor-invisible\" data-id=\"7b392217\" data-element_type=\"section\" data-settings=\"{&quot;background_background&quot;:&quot;classic&quot;,&quot;animation&quot;:&quot;fadeIn&quot;}\">\n\t\t\t\t\t\t<div class=\"elementor-container elementor-column-gap-default\">\n\t\t\t\t\t<div class=\"elementor-column elementor-col-50 elementor-inner-column elementor-element elementor-element-3d1f7881\" data-id=\"3d1f7881\" data-element_type=\"column\" data-settings=\"{&quot;background_background&quot;:&quot;classic&quot;}\">\n\t\t\t<div class=\"elementor-widget-wrap elementor-element-populated\">\n\t\t\t\t\t\t\t\t<div class=\"elementor-element elementor-element-617825d7 animated-fast elementor-invisible elementor-widget elementor-widget-heading\" data-id=\"617825d7\" data-element_type=\"widget\" data-settings=\"{&quot;_animation&quot;:&quot;fadeInUp&quot;}\" data-widget_type=\"heading.default\">\n\t\t\t\t<div class=\"elementor-widget-container\">\n\t\t\t<h2 class=\"elementor-heading-title elementor-size-default\">Nettoyage classique<\/h2>\t\t<\/div>\n\t\t\t\t<\/div>\n\t\t\t\t<div class=\"elementor-element elementor-element-4d831c38 elementor-widget-divider--view-line elementor-widget elementor-widget-divider\" data-id=\"4d831c38\" data-element_type=\"widget\" data-widget_type=\"divider.default\">\n\t\t\t\t<div class=\"elementor-widget-container\">\n\t\t\t\t\t<div class=\"elementor-divider\">\n\t\t\t<span class=\"elementor-divider-separator\">\n\t\t\t\t\t\t<\/span>\n\t\t<\/div>\n\t\t\t\t<\/div>\n\t\t\t\t<\/div>\n\t\t\t\t<div class=\"elementor-element elementor-element-36ef9318 elementor-widget elementor-widget-text-editor\" data-id=\"36ef9318\" data-element_type=\"widget\" data-widget_type=\"text-editor.default\">\n\t\t\t\t<div class=\"elementor-widget-container\">\n\t\t\t\t\t\t\t<p class=\"font_8\">Vous pouvez compter sur la fid\u00e9lit\u00e9 et la confiance de nos collaborateurs pour vous garantir un nettoyage impeccable.<\/p>\n<p class=\"font_8\">Nous sommes \u00e0 la recherche du meilleur pour nos clients, c\u2019est pour cela que nos collaborateurs assurent quotidiennement, mensuellement, annuellement un travail de qualit\u00e9 afin de vous garantir un environnement et un espace de travail des plus propres.<\/p>\n<p class=\"font_8\">Nos prestations comprennent diverses t\u00e2ches d\u2019entretien :<\/p>\n<ul>\n<li class=\"font_8\">Nettoyage de bureaux et locaux<\/li>\n<li class=\"font_8\">Nettoyage d\u2019\u00e9tablissements scolaires<\/li>\n<li class=\"font_8\">Nettoyage de parkings, de sous-sols<\/li>\n<\/ul>\n<p class=\"font_8\">Nous avons l'intime conviction que travailler dans un environnement propre et agr\u00e9able augmente l'efficacit\u00e9 de vos employeurs. Cela contribue \u00e9galement  \u00e0 renvoyer une image positive de votre entreprise.\n\nEco Green Cleaning s'engage donc \u00e0 vous accompagner dans l'atteinte de cet objectif!<\/p>\t\t\t\t\t\t<\/div>\n\t\t\t\t<\/div>\n\t\t\t\t\t<\/div>\n\t\t<\/div>\n\t\t\t\t<div class=\"elementor-column elementor-col-50 elementor-inner-column elementor-element elementor-element-7b40640e\" data-id=\"7b40640e\" data-element_type=\"column\">\n\t\t\t<div class=\"elementor-widget-wrap elementor-element-populated\">\n\t\t\t\t\t\t\t\t<div class=\"elementor-element elementor-element-4fe9c1e9 elementor-absolute elementor-widget__width-initial elementor-widget elementor-widget-image\" data-id=\"4fe9c1e9\" data-element_type=\"widget\" data-settings=\"{&quot;_position&quot;:&quot;absolute&quot;}\" data-widget_type=\"image.default\">\n\t\t\t\t<div class=\"elementor-widget-container\">\n\t\t\t\t\t\t\t\t\t\t\t\t\t\t\t<img width=\"1365\" height=\"2048\" src=\"https:\/\/ecogreencleaning.be\/wp-content\/uploads\/2021\/07\/ashwini-chaudhary-Iu6parQAO-U-unsplash-1365x2048.jpg\" class=\"attachment-2048x2048 size-2048x2048\" alt=\"\" loading=\"lazy\" srcset=\"https:\/\/ecogreencleaning.be\/wp-content\/uploads\/2021\/07\/ashwini-chaudhary-Iu6parQAO-U-unsplash-1365x2048.jpg 1365w, https:\/\/ecogreencleaning.be\/wp-content\/uploads\/2021\/07\/ashwini-chaudhary-Iu6parQAO-U-unsplash-200x300.jpg 200w, https:\/\/ecogreencleaning.be\/wp-content\/uploads\/2021\/07\/ashwini-chaudhary-Iu6parQAO-U-unsplash-683x1024.jpg 683w, https:\/\/ecogreencleaning.be\/wp-content\/uploads\/2021\/07\/ashwini-chaudhary-Iu6parQAO-U-unsplash-768x1152.jpg 768w, https:\/\/ecogreencleaning.be\/wp-content\/uploads\/2021\/07\/ashwini-chaudhary-Iu6parQAO-U-unsplash-1024x1536.jpg 1024w, https:\/\/ecogreencleaning.be\/wp-content\/uploads\/2021\/07\/ashwini-chaudhary-Iu6parQAO-U-unsplash-scaled.jpg 1707w\" sizes=\"(max-width: 1365px) 100vw, 1365px\">\t\t\t\t\t\t\t\t\t\t\t\t\t\t\t<\/div>\n\t\t\t\t<\/div>\n\t\t\t\t\t<\/div>\n\t\t<\/div>\n\t\t\t\t\t\t\t<\/div>\n\t\t<\/section>\n\t\t\t\t\t<\/div>\n\t\t<\/div>\n\t\t\t\t\t\t\t<\/div>\n\t\t<\/section>\n\t\t\t\t\t\t\t<\/div>","protected":false},"excerpt":{"rendered":"<p>Klassieke schoonmaak U mag op de betrouwbaarheid van onze medewerkers rekenen dat de schoonmaak en het onderhoud altijd onberispelijk zal zijn. We zijn steeds op zoek naar de beste adequate oplossingen voor onze klanten. Dit is de reden waarom onze medewerkers dag in dag uit voor een onberispelijk schoonmaak zorgen om jullie een schone en&#8230;<\/p>","protected":false},"author":1,"featured_media":0,"parent":0,"menu_order":0,"comment_status":"closed","ping_status":"closed","template":"","meta":{"_kad_post_transparent":"","_kad_post_title":"hide","_kad_post_layout":"fullwidth","_kad_post_sidebar_id":"","_kad_post_content_style":"unboxed","_kad_post_vertical_padding":"hide","_kad_post_feature":"hide","_kad_post_feature_position":"","_kad_post_header":false,"_kad_post_footer":false},"_links":{"self":[{"href":"https:\/\/ecogreencleaning.be\/fr\/wp-json\/wp\/v2\/pages\/188"}],"collection":[{"href":"https:\/\/ecogreencleaning.be\/fr\/wp-json\/wp\/v2\/pages"}],"about":[{"href":"https:\/\/ecogreencleaning.be\/fr\/wp-json\/wp\/v2\/types\/page"}],"author":[{"embeddable":true,"href":"https:\/\/ecogreencleaning.be\/fr\/wp-json\/wp\/v2\/users\/1"}],"replies":[{"embeddable":true,"href":"https:\/\/ecogreencleaning.be\/fr\/wp-json\/wp\/v2\/comments?post=188"}],"version-history":[{"count":27,"href":"https:\/\/ecogreencleaning.be\/fr\/wp-json\/wp\/v2\/pages\/188\/revisions"}],"predecessor-version":[{"id":728,"href":"https:\/\/ecogreencleaning.be\/fr\/wp-json\/wp\/v2\/pages\/188\/revisions\/728"}],"wp:attachment":[{"href":"https:\/\/ecogreencleaning.be\/fr\/wp-json\/wp\/v2\/media?parent=188"}],"curies":[{"name":"wp","href":"https:\/\/api.w.org\/{rel}","templated":true}]}}